{"id":6343,"date":"2024-11-14T07:27:42","date_gmt":"2024-11-14T07:27:42","guid":{"rendered":"https:\/\/transparency.hr\/?page_id=6343"},"modified":"2025-12-02T10:22:40","modified_gmt":"2025-12-02T09:22:40","slug":"donirajte","status":"publish","type":"page","link":"https:\/\/transparency.hr\/hr\/donirajte\/","title":{"rendered":"Donirajte"},"content":{"rendered":"\r\n<p>Da bi rad Transparency International Hrvatska bio transparentan i nepristran potrebni su nam resursi u kojima nam i Vi mo\u017eete pomo\u0107i. Mo\u017eete nam donirati (<a href=\"mailto:donacije@transparency.hr\">donacije@tranasparency.hr<\/a>): <strong>novac, svoje vrijeme, ideje i usluge.<\/strong><\/p>\r\n\r\n\r\n\r\n<p><strong>Izjava o privatnosti\u00a0<\/strong><\/p>\r\n\r\n\r\n\r\n<p><em>Transparency International Hrvatska se obavezuje pru\u017eati za\u0161titu osobnim podacima kupaca, na na\u010din da prikuplja samo nu\u017ene, osnovne podatke o kupcima\/korisnicima koji su nu\u017eni za ispunjenje na\u0161ih obveza; informira kupce o na\u010dinu kori\u0161tenja prikupljenih podataka, redovito daje kupcima mogu\u0107nost izbora o upotrebi njihovih podataka, uklju\u010duju\u0107i mogu\u0107nost odluke \u017eele li ili ne da se njihovo ime ukloni s lista koje se koriste za marketin\u0161ke kampanje. Svi se podaci o korisnicima strogo \u010duvaju i dostupni su samo djelatnicima kojima su ti podaci nu\u017eni za obavljanje posla. Svi djelatnici TIH-a i partneri odgovorni su za po\u0161tivanje na\u010dela za\u0161tite privatnosti.\u00a0<\/em><\/p>\r\n<p><strong>Zahvaljujemo na svakom iznosu.<\/strong><\/p>","protected":false},"excerpt":{"rendered":"<p>Da bi rad Transparency International Hrvatska bio transparentan i nepristran potrebni su nam resursi u kojima nam i Vi mo\u017eete pomo\u0107i. Mo\u017eete nam donirati (donacije@tranasparency.hr): novac, svoje vrijeme, ideje i usluge. Izjava o privatnosti\u00a0 Transparency International Hrvatska se obavezuje pru\u017eati za\u0161titu osobnim podacima kupaca, na na\u010din da prikuplja samo nu\u017ene, osnovne podatke o kupcima\/korisnicima koji [&hellip;]<\/p>\n","protected":false},"author":1,"featured_media":0,"parent":0,"menu_order":0,"comment_status":"closed","ping_status":"closed","template":"template-donacija.php","meta":{"_acf_changed":false,"inline_featured_image":false,"footnotes":""},"class_list":["post-6343","page","type-page","status-publish","hentry"],"acf":[],"_links":{"self":[{"href":"https:\/\/transparency.hr\/hr\/wp-json\/wp\/v2\/pages\/6343","targetHints":{"allow":["GET"]}}],"collection":[{"href":"https:\/\/transparency.hr\/hr\/wp-json\/wp\/v2\/pages"}],"about":[{"href":"https:\/\/transparency.hr\/hr\/wp-json\/wp\/v2\/types\/page"}],"author":[{"embeddable":true,"href":"https:\/\/transparency.hr\/hr\/wp-json\/wp\/v2\/users\/1"}],"replies":[{"embeddable":true,"href":"https:\/\/transparency.hr\/hr\/wp-json\/wp\/v2\/comments?post=6343"}],"version-history":[{"count":0,"href":"https:\/\/transparency.hr\/hr\/wp-json\/wp\/v2\/pages\/6343\/revisions"}],"wp:attachment":[{"href":"https:\/\/transparency.hr\/hr\/wp-json\/wp\/v2\/media?parent=6343"}],"curies":[{"name":"wp","href":"https:\/\/api.w.org\/{rel}","templated":true}]}}