{"id":3145,"date":"2013-11-03T06:18:19","date_gmt":"2013-11-03T05:18:19","guid":{"rendered":"http:\/\/localhost:10245\/?page_id=3145"},"modified":"2025-10-14T10:27:51","modified_gmt":"2025-10-14T08:27:51","slug":"clanstvo","status":"publish","type":"page","link":"https:\/\/transparency.hr\/hr\/o-nama-detalji\/clanstvo-18\/","title":{"rendered":"\u010clanstvo"},"content":{"rendered":"\r\n<p><strong>REDOVITI \u010cLANOVI&nbsp;<\/strong>(abecednim redom):<\/p>\r\n\r\n\r\n\r\n<ul class=\"wp-block-list\">\r\n<li>Alina<strong>\u00a0Al-Garby<\/strong><\/li>\r\n\r\n\r\n\r\n<li>Tadija Kristijan\u00a0<strong>Babi\u0107<\/strong><\/li>\r\n\r\n\r\n\r\n<li>Tomislav\u00a0<strong>Baksa<\/strong><\/li>\r\n\r\n\r\n\r\n<li>dr.sc.Davorka<strong>\u00a0Budimir<\/strong><\/li>\r\n\r\n\r\n\r\n<li>Jelena\u00a0<strong>Festini Ugrina<\/strong><\/li>\r\n\r\n\r\n\r\n<li>Gordana\u00a0<strong>Grbi\u0107<\/strong><\/li>\r\n\r\n\r\n\r\n<li>prof.dr.sc.Livia\u00a0<strong>Kardum<\/strong><\/li>\r\n\r\n\r\n\r\n<li>Ivica\u00a0<strong>Kruhoberec<\/strong><\/li>\r\n\r\n\r\n\r\n<li>prof.dr.sc. Kristijan\u00a0<strong>Kotarski<\/strong><\/li>\r\n\r\n\r\n\r\n<li>doc.dr.sc.Rosana\u00a0<strong>Lucijeti\u0107<\/strong><\/li>\r\n\r\n\r\n\r\n<li>prof..dr.sc.\u0110ana<strong>\u00a0Lu\u0161a<\/strong><\/li>\r\n\r\n\r\n\r\n<li>\u017deljko\u00a0<strong>Mari\u0107<\/strong><\/li>\r\n\r\n\r\n\r\n<li>Don\u00a0<strong>Marku\u0161i\u0107<\/strong><\/li>\r\n\r\n\r\n\r\n<li>Katja\u00a0<strong>Perani\u0107<\/strong><\/li>\r\n\r\n\r\n\r\n<li>prof.dr.sc.Zdrav<strong>ko\u00a0Petak<\/strong><\/li>\r\n\r\n\r\n\r\n<li><strong>Nasim\u00a0<\/strong>Salaita\u00a0<\/li>\r\n\r\n\r\n\r\n<li>dr.sc.Marko\u00a0<strong>Vuki\u010devi\u0107<\/strong><\/li>\r\n<\/ul>\r\n\r\n\r\n\r\n<p><em>* U skladu sa Statutom TIH-a \u010dlanstvo u udruzi se zamrzava dok je \u010dlan\/ica na du\u017enosni\u010dkoj funkciji<\/em><\/p>\r\n","protected":false},"excerpt":{"rendered":"<p>REDOVITI \u010cLANOVI&nbsp;(abecednim redom): * U skladu sa Statutom TIH-a \u010dlanstvo u udruzi se zamrzava dok je \u010dlan\/ica na du\u017enosni\u010dkoj funkciji<\/p>\n","protected":false},"author":1,"featured_media":0,"parent":3108,"menu_order":0,"comment_status":"closed","ping_status":"closed","template":"template-about.php","meta":{"_acf_changed":false,"inline_featured_image":false,"footnotes":""},"class_list":["post-3145","page","type-page","status-publish","hentry"],"acf":[],"_links":{"self":[{"href":"https:\/\/transparency.hr\/hr\/wp-json\/wp\/v2\/pages\/3145","targetHints":{"allow":["GET"]}}],"collection":[{"href":"https:\/\/transparency.hr\/hr\/wp-json\/wp\/v2\/pages"}],"about":[{"href":"https:\/\/transparency.hr\/hr\/wp-json\/wp\/v2\/types\/page"}],"author":[{"embeddable":true,"href":"https:\/\/transparency.hr\/hr\/wp-json\/wp\/v2\/users\/1"}],"replies":[{"embeddable":true,"href":"https:\/\/transparency.hr\/hr\/wp-json\/wp\/v2\/comments?post=3145"}],"version-history":[{"count":0,"href":"https:\/\/transparency.hr\/hr\/wp-json\/wp\/v2\/pages\/3145\/revisions"}],"up":[{"embeddable":true,"href":"https:\/\/transparency.hr\/hr\/wp-json\/wp\/v2\/pages\/3108"}],"wp:attachment":[{"href":"https:\/\/transparency.hr\/hr\/wp-json\/wp\/v2\/media?parent=3145"}],"curies":[{"name":"wp","href":"https:\/\/api.w.org\/{rel}","templated":true}]}}