{"id":29,"date":"2024-06-14T08:34:41","date_gmt":"2024-06-14T08:34:41","guid":{"rendered":"http:\/\/localhost:10245\/?page_id=29"},"modified":"2025-10-16T08:21:18","modified_gmt":"2025-10-16T06:21:18","slug":"ukljuci-se","status":"publish","type":"page","link":"https:\/\/transparency.hr\/hr\/ukljucite-se\/","title":{"rendered":"Uklju\u010di se"},"content":{"rendered":"\r\n<h2 class=\"wp-block-heading\">Postani \u010dlan<\/h2>\r\n\r\n\r\n\r\n<p><strong>\u010clanak 14.<\/strong><\/p>\r\n\r\n\r\n\r\n<p>Redovnim \u010dlanom Udruge mo\u017ee postati svaka fizi\u010dka osoba koja se prijavi putem prijavnog obrasca, obrazlo\u017ei zahtjev za \u010dlanstvom, te zadovolji sljede\u0107e uvjete i to:<\/p>\r\n\r\n\r\n\r\n<ul class=\"wp-block-list\">\r\n<li>Da prihva\u0107a vrijednosti i ciljeve udruge;<\/li>\r\n\r\n\r\n\r\n<li>Da u javnom i profesionalnom djelovanju pokazuje interes za suzbijanje korupcije i ja\u010danje transparentnosti;<\/li>\r\n\r\n\r\n\r\n<li>Da podnese pisani zahtjev, ispuni motivacijski upitnik i dostavi \u017eivotopis na hrvatskom jeziku.<\/li>\r\n<\/ul>\r\n\r\n\r\n\r\n<p>Zahtjev se podnosi Upravnom odboru koji provodi motivacijski intervju s kandidatom, te podnosi u pisanom obliku prijedlog Skup\u0161tini o podobnosti kandidata za prijem u \u010dlanstvo udruge.<\/p>\r\n\r\n\r\n\r\n<p>O primitku u \u010dlanstvo odlu\u010duje Skup\u0161tina na svojoj prvoj slijede\u0107oj sjednici. Novi \u010dlan prima se dvotre\u0107inskom ve\u0107inom prisutnih \u010dlanova Skup\u0161tine tajnim glasovanjem.<\/p>\r\n\r\n\r\n\r\n<p>Redovni \u010dlan obvezan je po\u0161tivati odredbe Statuta i drugih akata udruge, kao i odluka njezinih tijela.<\/p>\r\n\r\n\r\n\r\n<p>Po izboru za \u010dlanstvo u udruzi, novom \u010dlanu izdaje se pisana odluka o prijemu u \u010dlanstvo, te je \u010dlan du\u017ean u roku od 15 dana uplatiti \u010dlanarinu za teku\u0107u godinu.<\/p>\r\n\r\n\r\n\r\n<p><strong>\u010clanak 15.<\/strong><\/p>\r\n\r\n\r\n\r\n<p>Podupiraju\u0107i \u010dlan mo\u017ee postati svaka fizi\u010dka ili pravna osoba koja ispuni prijavni obrazac, te uplati \u010dlanarinu.<\/p>\r\n\r\n\r\n\r\n<p>Upravni odbor donosi odluku o statusu podupiraju\u0107eg \u010dlana, te o tome pisanim putem obavje\u0161tava kandidata. Podupiraju\u0107i \u010dlan du\u017ean je u roku od 15 dana uplatiti \u010dlanarinu za teku\u0107u godinu. \u010clanstvo po\u010dinje od datuma uplate \u010dlanarine.<\/p>\r\n\r\n\r\n\r\n<div class=\"wp-block-contact-form-7-contact-form-selector\">\n<div class=\"wpcf7 no-js\" id=\"wpcf7-f5-o1\" lang=\"hr\" dir=\"ltr\" data-wpcf7-id=\"5\">\n<div class=\"screen-reader-response\"><p role=\"status\" aria-live=\"polite\" aria-atomic=\"true\"><\/p> <ul><\/ul><\/div>\n<form action=\"\/hr\/wp-json\/wp\/v2\/pages\/29#wpcf7-f5-o1\" method=\"post\" class=\"wpcf7-form init\" aria-label=\"Kontakt obrazac\" enctype=\"multipart\/form-data\" novalidate=\"novalidate\" data-status=\"init\">\n<fieldset class=\"hidden-fields-container\"><input type=\"hidden\" name=\"_wpcf7\" value=\"5\" \/><input type=\"hidden\" name=\"_wpcf7_version\" value=\"6.1.5\" \/><input type=\"hidden\" name=\"_wpcf7_locale\" value=\"hr\" \/><input type=\"hidden\" name=\"_wpcf7_unit_tag\" value=\"wpcf7-f5-o1\" \/><input type=\"hidden\" name=\"_wpcf7_container_post\" value=\"0\" \/><input type=\"hidden\" name=\"_wpcf7_posted_data_hash\" value=\"\" \/><input type=\"hidden\" name=\"_wpcf7_recaptcha_response\" value=\"\" \/>\n<\/fieldset>\n<div class=\"form-wrapper\">\n\t<p>Kontaktni podatci prikupljeni preko ovog obrasca ne\u0107e biti javno objavljeni niti \u0107e se koristiti za bilo \u0161to drugo, osim za slanje odgovora na Va\u0161 upit!\n\t<\/p>\n\t<div id=\"form-hide\">\n\t\t<div class=\"form-box\">\n\t\t\t<p><label for=\"surname\">Prezime*<\/label><br \/>\n<span class=\"wpcf7-form-control-wrap\" data-name=\"surname\"><input size=\"40\" maxlength=\"400\" class=\"wpcf7-form-control wpcf7-text\" id=\"surname\" aria-invalid=\"false\" placeholder=\"Unesite svoje prezime\" value=\"\" type=\"text\" name=\"surname\" \/><\/span>\n\t\t\t<\/p>\n\t\t<\/div>\n\t\t<div class=\"form-box\">\n\t\t\t<p><label for=\"name2\">Ime*<\/label><br \/>\n<span class=\"wpcf7-form-control-wrap\" data-name=\"name2\"><input size=\"40\" maxlength=\"400\" class=\"wpcf7-form-control wpcf7-text\" id=\"name\" aria-invalid=\"false\" placeholder=\"Unesite svoje ime\" value=\"\" type=\"text\" name=\"name2\" \/><\/span>\n\t\t\t<\/p>\n\t\t<\/div>\n\t\t<div class=\"form-box\">\n\t\t\t<p><label for=\"address\">Adresa za po\u0161tu*<\/label><br \/>\n<span class=\"wpcf7-form-control-wrap\" data-name=\"address\"><input size=\"40\" maxlength=\"400\" class=\"wpcf7-form-control wpcf7-text\" id=\"address\" aria-invalid=\"false\" placeholder=\"Ulica, po\u0161tanski broj i grad\" value=\"\" type=\"text\" name=\"address\" \/><\/span>\n\t\t\t<\/p>\n\t\t<\/div>\n\t\t<div class=\"form-box\">\n\t\t\t<p><label for=\"state\">Dr\u017eava*<\/label><br \/>\n<input name=\"state\" id=\"state\" type=\"text\" placeholder=\"Unesite dr\u017eavu\" \/><br \/>\n<span class=\"wpcf7-form-control-wrap\" data-name=\"state\"><input size=\"40\" maxlength=\"400\" class=\"wpcf7-form-control wpcf7-text\" id=\"state\" aria-invalid=\"false\" placeholder=\"Unesite dr\u017eavu\" value=\"\" type=\"text\" name=\"state\" \/><\/span>\n\t\t\t<\/p>\n\t\t<\/div>\n\t\t<div class=\"form-box\">\n\t\t\t<p><label for=\"oib\">OIB*<\/label><br \/>\n<span class=\"wpcf7-form-control-wrap\" data-name=\"oib\"><input size=\"40\" maxlength=\"400\" class=\"wpcf7-form-control wpcf7-text\" id=\"oib\" aria-invalid=\"false\" placeholder=\"Unesite OIB\" value=\"\" type=\"text\" name=\"oib\" \/><\/span>\n\t\t\t<\/p>\n\t\t<\/div>\n\t\t<div class=\"form-box\">\n\t\t\t<p><label for=\"phone\">Telefon<\/label><br \/>\n<span class=\"wpcf7-form-control-wrap\" data-name=\"phone\"><input size=\"40\" maxlength=\"400\" class=\"wpcf7-form-control wpcf7-text\" id=\"phone\" aria-invalid=\"false\" placeholder=\"Unesite broj telefona\" value=\"\" type=\"text\" name=\"phone\" \/><\/span>\n\t\t\t<\/p>\n\t\t<\/div>\n\t\t<div class=\"form-box\">\n\t\t\t<p><label for=\"email\">E-mail *<\/label><br \/>\n<span class=\"wpcf7-form-control-wrap\" data-name=\"email\"><input size=\"40\" maxlength=\"400\" class=\"wpcf7-form-control wpcf7-email wpcf7-text wpcf7-validates-as-email\" id=\"email\" aria-invalid=\"false\" placeholder=\"Unesite e-mail adresu\" value=\"\" type=\"email\" name=\"email\" \/><\/span>\n\t\t\t<\/p>\n\t\t<\/div>\n\t\t<div class=\"form-box\">\n\t\t\t<p><label for=\"message\">Poruka*<\/label><br \/>\n<span class=\"wpcf7-form-control-wrap\" data-name=\"message\"><textarea cols=\"40\" rows=\"10\" maxlength=\"2000\" class=\"wpcf7-form-control wpcf7-textarea wpcf7-validates-as-required\" id=\"message\" aria-required=\"true\" aria-invalid=\"false\" placeholder=\"Unesite va\u0161u poruku\" name=\"message\"><\/textarea><\/span>\n\t\t\t<\/p>\n\t\t<\/div>\n\t\t<div class=\"form-box\">\n\t\t\t<p><span class=\"label-title\">Zaposlen\/a ?:<\/span><br \/>\n<label class=\"radio-wrapper\"><br \/>\n<span class=\"wpcf7-form-control-wrap\" data-name=\"zaposlen\"><span class=\"wpcf7-form-control wpcf7-radio\" id=\"zaposlen\"><span class=\"wpcf7-list-item first\"><label><input type=\"radio\" name=\"zaposlen\" value=\"Da\" checked=\"checked\" \/><span class=\"wpcf7-list-item-label\">Da<\/span><\/label><\/span><span class=\"wpcf7-list-item last\"><label><input type=\"radio\" name=\"zaposlen\" value=\"Ne\" \/><span class=\"wpcf7-list-item-label\">Ne<\/span><\/label><\/span><\/span><\/span><br \/>\n<\/label>\n\t\t\t<\/p>\n\t\t<\/div>\n\t\t<div class=\"form-box\">\n\t\t\t<p><label for=\"zanimanje\">Zanimanje*<\/label><br \/>\n<span class=\"wpcf7-form-control-wrap\" data-name=\"zanimanje\"><input size=\"40\" maxlength=\"400\" class=\"wpcf7-form-control wpcf7-text\" id=\"zanimanje\" aria-invalid=\"false\" placeholder=\"Unesite zanimanje\" value=\"\" type=\"text\" name=\"zanimanje\" \/><\/span>\n\t\t\t<\/p>\n\t\t<\/div>\n\t\t<div class=\"form-box\">\n\t\t\t<p><span class=\"label-title\">Vrsta \u010dlanstva:<\/span><br \/>\n<label class=\"radio-wrapper\"><br \/>\n<span class=\"wpcf7-form-control-wrap\" data-name=\"vrsta-clanstva\"><span class=\"wpcf7-form-control wpcf7-radio\" id=\"vrsta-clanstva\"><span class=\"wpcf7-list-item first\"><label><input type=\"radio\" name=\"vrsta-clanstva\" value=\"Redoviti\" checked=\"checked\" \/><span class=\"wpcf7-list-item-label\">Redoviti<\/span><\/label><\/span><span class=\"wpcf7-list-item last\"><label><input type=\"radio\" name=\"vrsta-clanstva\" value=\"Pridru\u017eeni\" \/><span class=\"wpcf7-list-item-label\">Pridru\u017eeni<\/span><\/label><\/span><\/span><\/span><br \/>\n<\/label>\n\t\t\t<\/p>\n\t\t<\/div>\n\t\t<div class=\"form-hidden\">\n\t\t\t<div class=\"form-box\">\n\t\t\t\t<p><label for=\"opis\">Za\u0161to \u017eelite postati \u010dlan\/\u010dlanica TIH-a ?:*<\/label><br \/>\n<span class=\"wpcf7-form-control-wrap\" data-name=\"opis\"><input size=\"40\" maxlength=\"400\" class=\"wpcf7-form-control wpcf7-text\" id=\"opis\" aria-invalid=\"false\" placeholder=\"Ukratko opi\u0161ite\" value=\"\" type=\"text\" name=\"opis\" \/><\/span>\n\t\t\t\t<\/p>\n\t\t\t<\/div>\n\t\t\t<div class=\"form-box\">\n\t\t\t\t<p><label for=\"opis\">Kako vidite svoj doprinos radu na\u0161e Udruge?:*<\/label><br \/>\n<span class=\"wpcf7-form-control-wrap\" data-name=\"opis2\"><input size=\"40\" maxlength=\"400\" class=\"wpcf7-form-control wpcf7-text\" id=\"opis2\" aria-invalid=\"false\" placeholder=\"Ukratko opi\u0161ite\" value=\"\" type=\"text\" name=\"opis2\" \/><\/span>\n\t\t\t\t<\/p>\n\t\t\t<\/div>\n\t\t<\/div>\n\t\t<div class=\"form-box\">\n\t\t\t<p><label for=\"name2\">CV \/ Motivacijsko pismo<\/label><br \/>\n<span class=\"wpcf7-form-control-wrap\" data-name=\"file\"><input size=\"40\" class=\"wpcf7-form-control wpcf7-file file-upload\" accept=\"audio\/*,video\/*,image\/*\" aria-invalid=\"false\" type=\"file\" name=\"file\" \/><\/span>\n\t\t\t<\/p>\n\t\t<\/div>\n\t\t<div class=\"form-box\">\n\t\t\t<p><label class=\"check-wrapper\"><br \/>\n<span class=\"wpcf7-form-control-wrap\" data-name=\"obavijesti\"><span class=\"wpcf7-form-control wpcf7-checkbox wpcf7-exclusive-checkbox\" id=\"obavijesti\"><span class=\"wpcf7-list-item first last\"><label><input type=\"checkbox\" name=\"obavijesti\" value=\"Da, \u017eelim primati obavijesti o radu TIH-a:\" \/><span class=\"wpcf7-list-item-label\">Da, \u017eelim primati obavijesti o radu TIH-a:<\/span><\/label><\/span><\/span><\/span><br \/>\n<\/label>\n\t\t\t<\/p>\n\t\t<\/div>\n\t\t<div class=\"form-box\">\n\t\t\t<p><label class=\"check-wrapper\"><br \/>\n<span class=\"wpcf7-form-control-wrap\" data-name=\"volontiranje\"><span class=\"wpcf7-form-control wpcf7-checkbox wpcf7-exclusive-checkbox\" id=\"volontiranje\"><span class=\"wpcf7-list-item first last\"><label><input type=\"checkbox\" name=\"volontiranje\" value=\"Da, \u017eelim volontirati u TIH-u:\" \/><span class=\"wpcf7-list-item-label\">Da, \u017eelim volontirati u TIH-u:<\/span><\/label><\/span><\/span><\/span><br \/>\n<\/label>\n\t\t\t<\/p>\n\t\t<\/div>\n\t\t<div class=\"form-box\">\n\t\t\t<p>Pravila o za\u0161titi privatnosti pregledajte <a href=\"https:\/\/transparency.hr\/hr\/pravila-privatnosti\" target=\"_blank\">ovdje<\/a>.\n\t\t\t<\/p>\n\t\t<\/div>\n\t\t<p><input class=\"wpcf7-form-control wpcf7-submit has-spinner contact-send-btn btn-green\" type=\"submit\" value=\"Po\u0161alji poruku\" \/>\n\t\t<\/p>\n\t<\/div>\n<\/div><div class=\"wpcf7-response-output\" aria-hidden=\"true\"><\/div>\n<\/form>\n<\/div>\n<\/div>\r\n","protected":false},"excerpt":{"rendered":"<p>Postani \u010dlan \u010clanak 14. Redovnim \u010dlanom Udruge mo\u017ee postati svaka fizi\u010dka osoba koja se prijavi putem prijavnog obrasca, obrazlo\u017ei zahtjev za \u010dlanstvom, te zadovolji sljede\u0107e uvjete i to: Zahtjev se podnosi Upravnom odboru koji provodi motivacijski intervju s kandidatom, te podnosi u pisanom obliku prijedlog Skup\u0161tini o podobnosti kandidata za prijem u \u010dlanstvo udruge. O [&hellip;]<\/p>\n","protected":false},"author":1,"featured_media":0,"parent":0,"menu_order":0,"comment_status":"closed","ping_status":"closed","template":"template-about.php","meta":{"_acf_changed":false,"inline_featured_image":false,"footnotes":""},"class_list":["post-29","page","type-page","status-publish","hentry"],"acf":[],"_links":{"self":[{"href":"https:\/\/transparency.hr\/hr\/wp-json\/wp\/v2\/pages\/29","targetHints":{"allow":["GET"]}}],"collection":[{"href":"https:\/\/transparency.hr\/hr\/wp-json\/wp\/v2\/pages"}],"about":[{"href":"https:\/\/transparency.hr\/hr\/wp-json\/wp\/v2\/types\/page"}],"author":[{"embeddable":true,"href":"https:\/\/transparency.hr\/hr\/wp-json\/wp\/v2\/users\/1"}],"replies":[{"embeddable":true,"href":"https:\/\/transparency.hr\/hr\/wp-json\/wp\/v2\/comments?post=29"}],"version-history":[{"count":0,"href":"https:\/\/transparency.hr\/hr\/wp-json\/wp\/v2\/pages\/29\/revisions"}],"wp:attachment":[{"href":"https:\/\/transparency.hr\/hr\/wp-json\/wp\/v2\/media?parent=29"}],"curies":[{"name":"wp","href":"https:\/\/api.w.org\/{rel}","templated":true}]}}